{"id":483,"date":"2010-01-13T13:13:21","date_gmt":"2010-01-13T11:13:21","guid":{"rendered":"http:\/\/wp.karategojukai.org\/?page_id=2"},"modified":"2025-07-14T19:52:58","modified_gmt":"2025-07-14T17:52:58","slug":"kontakt","status":"publish","type":"page","link":"https:\/\/karategojukai.org\/?page_id=483","title":{"rendered":"Kontakt"},"content":{"rendered":"<p><strong>V\u00e4lkommen att kontakta Gojukai Seinan Karateklubb!<\/strong><\/p>\n<p>Mejla oss g\u00e4rna med fr\u00e5gor om tr\u00e4ningen, f\u00f6r att st\u00e4lla ditt barn i k\u00f6 till n\u00e5gon av v\u00e5ra tr\u00e4ningsgrupper eller f\u00f6r att anm\u00e4la dig sj\u00e4lv som vuxen till kostnadsfri provtr\u00e4ning:\u00a0<a href=\"mailto:seinankk@hotmail.com\"> seinankk@hotmail.com\u00a0 <\/a>Det g\u00e5r ocks\u00e5 bra att anv\u00e4nda formul\u00e4ret nedan.<\/p>\n<p>Om det g\u00e4ller ditt barn s\u00e5 skriv f\u00f6delsedatum i mejlet &#8211; d\u00e5 hittar vi r\u00e4tt grupp direkt!<\/p>\n<p>Vi tr\u00e4nar i Aspuddens skola och i Tellusborgshallen, T-Midsommarkransen.<\/p>\n<p>Tel: 070-28 22 804<\/p>\n\n<div class=\"wpforms-container wpforms-container-full wpforms-block wpforms-block-3fed5240-4dd6-48e1-b2d0-630e44580b59\" id=\"wpforms-4786\"><form id=\"wpforms-form-4786\" class=\"wpforms-validate wpforms-form wpforms-ajax-form\" data-formid=\"4786\" method=\"post\" enctype=\"multipart\/form-data\" action=\"\/index.php?rest_route=%2Fwp%2Fv2%2Fpages%2F483\" data-token=\"b7f97abaefef22ba5312a380b36f5802\" data-token-time=\"1778946222\"><noscript class=\"wpforms-error-noscript\">Aktivera JavaScript i din webbl\u00e4sare f\u00f6r att fylla i formul\u00e4ret.<\/noscript><div class=\"wpforms-field-container\">\t\t<div id=\"wpforms-4786-field_5-container\"\n\t\t\tclass=\"wpforms-field wpforms-field-text\"\n\t\t\tdata-field-type=\"text\"\n\t\t\tdata-field-id=\"5\"\n\t\t\t>\n\t\t\t<label class=\"wpforms-field-label\" for=\"wpforms-4786-field_5\" >) Barn\/Ungdom\/Senior E-post<\/label>\n\t\t\t<input type=\"text\" id=\"wpforms-4786-field_5\" class=\"wpforms-field-medium\" name=\"wpforms[fields][5]\" >\n\t\t<\/div>\n\t\t<div id=\"wpforms-4786-field_1-container\" class=\"wpforms-field wpforms-field-name\" data-field-id=\"1\"><label class=\"wpforms-field-label\">Namn <span class=\"wpforms-required-label\">*<\/span><\/label><div class=\"wpforms-field-row wpforms-field-medium\"><div class=\"wpforms-field-row-block wpforms-first wpforms-one-half\"><input type=\"text\" id=\"wpforms-4786-field_1\" class=\"wpforms-field-name-first wpforms-field-required\" name=\"wpforms[fields][1][first]\" required><label for=\"wpforms-4786-field_1\" class=\"wpforms-field-sublabel after\">F\u00f6rst<\/label><\/div><div class=\"wpforms-field-row-block wpforms-one-half\"><input type=\"text\" id=\"wpforms-4786-field_1-last\" class=\"wpforms-field-name-last wpforms-field-required\" name=\"wpforms[fields][1][last]\" required><label for=\"wpforms-4786-field_1-last\" class=\"wpforms-field-sublabel after\">Sist<\/label><\/div><\/div><\/div><div id=\"wpforms-4786-field_2-container\" class=\"wpforms-field wpforms-field-email\" data-field-id=\"2\"><label class=\"wpforms-field-label\" for=\"wpforms-4786-field_2\">E-post <span class=\"wpforms-required-label\">*<\/span><\/label><input type=\"email\" id=\"wpforms-4786-field_2\" class=\"wpforms-field-medium wpforms-field-required\" name=\"wpforms[fields][2]\" spellcheck=\"false\" required><\/div><div id=\"wpforms-4786-field_3-container\" class=\"wpforms-field wpforms-field-textarea\" data-field-id=\"3\"><label class=\"wpforms-field-label\" for=\"wpforms-4786-field_3\">F\u00f6delsedatum (ej personnummer) <span class=\"wpforms-required-label\">*<\/span><\/label><textarea id=\"wpforms-4786-field_3\" class=\"wpforms-field-small wpforms-field-required\" name=\"wpforms[fields][3]\" required><\/textarea><\/div><div id=\"wpforms-4786-field_4-container\" class=\"wpforms-field wpforms-field-textarea\" data-field-id=\"4\"><label class=\"wpforms-field-label\" for=\"wpforms-4786-field_4\">Barn\/Ungdom\/Senior eller Familjegrupp? : )<\/label><textarea id=\"wpforms-4786-field_4\" class=\"wpforms-field-small\" name=\"wpforms[fields][4]\" ><\/textarea><\/div><script>\n\t\t\t\t( function() {\n\t\t\t\t\tconst style = document.createElement( 'style' );\n\t\t\t\t\tstyle.appendChild( document.createTextNode( '#wpforms-4786-field_5-container { position: absolute !important; overflow: hidden !important; display: inline !important; height: 1px !important; width: 1px !important; z-index: -1000 !important; padding: 0 !important; } #wpforms-4786-field_5-container input { visibility: hidden; } #wpforms-conversational-form-page #wpforms-4786-field_5-container label { counter-increment: none; }' ) );\n\t\t\t\t\tdocument.head.appendChild( style );\n\t\t\t\t\tdocument.currentScript?.remove();\n\t\t\t\t} )();\n\t\t\t<\/script><\/div><!-- .wpforms-field-container --><div class=\"wpforms-submit-container\" ><input type=\"hidden\" name=\"wpforms[id]\" value=\"4786\"><input type=\"hidden\" name=\"page_title\" value=\"\"><input type=\"hidden\" name=\"page_url\" value=\"https:\/\/karategojukai.org\/index.php?rest_route=\/wp\/v2\/pages\/483\"><input type=\"hidden\" name=\"url_referer\" value=\"\"><button type=\"submit\" name=\"wpforms[submit]\" id=\"wpforms-submit-4786\" class=\"wpforms-submit\" data-alt-text=\"Skickar \u2026\" data-submit-text=\"Skicka\" aria-live=\"assertive\" value=\"wpforms-submit\">Skicka<\/button><img decoding=\"async\" loading=\"lazy\" src=\"https:\/\/karategojukai.org\/wp-content\/plugins\/wpforms-lite\/assets\/images\/submit-spin.svg\" class=\"wpforms-submit-spinner\" style=\"display: none;\" width=\"26\" height=\"26\" alt=\"Laddar\"><\/div><\/form><\/div>  <!-- .wpforms-container -->","protected":false},"excerpt":{"rendered":"<p>V\u00e4lkommen att kontakta Gojukai Seinan Karateklubb! Mejla oss g\u00e4rna med fr\u00e5gor om tr\u00e4ningen, f\u00f6r att st\u00e4lla ditt barn i k\u00f6 till n\u00e5gon av v\u00e5ra tr\u00e4ningsgrupper eller f\u00f6r att anm\u00e4la dig sj\u00e4lv som vuxen till kostnadsfri provtr\u00e4ning:\u00a0 seinankk@hotmail.com\u00a0 Det g\u00e5r ocks\u00e5 &hellip; <a href=\"https:\/\/karategojukai.org\/?page_id=483\">Forts\u00e4tt l\u00e4sa <span class=\"meta-nav\">&rarr;<\/span><\/a><\/p>\n","protected":false},"author":1,"featured_media":0,"parent":0,"menu_order":3,"comment_status":"closed","ping_status":"open","template":"","meta":[],"_links":{"self":[{"href":"https:\/\/karategojukai.org\/index.php?rest_route=\/wp\/v2\/pages\/483"}],"collection":[{"href":"https:\/\/karategojukai.org\/index.php?rest_route=\/wp\/v2\/pages"}],"about":[{"href":"https:\/\/karategojukai.org\/index.php?rest_route=\/wp\/v2\/types\/page"}],"author":[{"embeddable":true,"href":"https:\/\/karategojukai.org\/index.php?rest_route=\/wp\/v2\/users\/1"}],"replies":[{"embeddable":true,"href":"https:\/\/karategojukai.org\/index.php?rest_route=%2Fwp%2Fv2%2Fcomments&post=483"}],"version-history":[{"count":8,"href":"https:\/\/karategojukai.org\/index.php?rest_route=\/wp\/v2\/pages\/483\/revisions"}],"predecessor-version":[{"id":5062,"href":"https:\/\/karategojukai.org\/index.php?rest_route=\/wp\/v2\/pages\/483\/revisions\/5062"}],"wp:attachment":[{"href":"https:\/\/karategojukai.org\/index.php?rest_route=%2Fwp%2Fv2%2Fmedia&parent=483"}],"curies":[{"name":"wp","href":"https:\/\/api.w.org\/{rel}","templated":true}]}}